{"id":18,"date":"2024-11-20T11:05:08","date_gmt":"2024-11-20T09:05:08","guid":{"rendered":"https:\/\/ao-forestservice.fi\/ao-skogstjanst\/"},"modified":"2025-12-04T20:46:33","modified_gmt":"2025-12-04T18:46:33","slug":"ao-forestservice-ab","status":"publish","type":"page","link":"https:\/\/ao-forestservice.fi\/sv\/","title":{"rendered":"AO-Forestservice Ab"},"content":{"rendered":"\t\t<div data-elementor-type=\"wp-page\" data-elementor-id=\"18\" class=\"elementor elementor-18 elementor-2\" data-elementor-post-type=\"page\">\n\t\t\t\t<div class=\"elementor-element elementor-element-be79d88 e-flex e-con-boxed e-con e-parent\" data-id=\"be79d88\" data-element_type=\"container\" data-e-type=\"container\" data-settings=\"{&quot;background_background&quot;:&quot;classic&quot;}\">\n\t\t\t\t\t<div class=\"e-con-inner\">\n\t\t<div class=\"elementor-element elementor-element-22b003cd e-con-full e-flex e-con e-child\" data-id=\"22b003cd\" data-element_type=\"container\" data-e-type=\"container\">\n\t\t<div class=\"elementor-element elementor-element-379aa165 e-con-full e-flex e-con e-child\" data-id=\"379aa165\" data-element_type=\"container\" data-e-type=\"container\">\n\t\t\t\t<div class=\"elementor-element elementor-element-d8975bd elementor-widget elementor-widget-heading\" data-id=\"d8975bd\" data-element_type=\"widget\" data-e-type=\"widget\" data-widget_type=\"heading.default\">\n\t\t\t\t<div class=\"elementor-widget-container\">\n\t\t\t\t\t<h1 class=\"elementor-heading-title elementor-size-default\">Skogsv\u00e5rdstj\u00e4nster samt f\u00f6rvaltning, fastighet och julgranar<\/h1>\t\t\t\t<\/div>\n\t\t\t\t<\/div>\n\t\t\t\t<div class=\"elementor-element elementor-element-714cd5bc elementor-widget elementor-widget-text-editor\" data-id=\"714cd5bc\" data-element_type=\"widget\" data-e-type=\"widget\" data-widget_type=\"text-editor.default\">\n\t\t\t\t<div class=\"elementor-widget-container\">\n\t\t\t\t\t\t\t\t\t<div>M\u00e5ngsidiga skogsv\u00e5rdstj\u00e4nster, s\u00e5som f\u00e4llning av tomttr\u00e4d enligt nyckelf\u00e4rdig princip, expertst\u00f6d inom skogsbruk, fastighetssk\u00f6tsel och f\u00f6rs\u00e4ljning av julgranar i Pargas, Aura\u00e5dalen och S:t Karins. Ta kontakt \u2013 s\u00e5 f\u00e5r du skr\u00e4ddarsydda l\u00f6sningar efter dina behov!<\/div>\n\t\t\t\t\t\t\t\t<\/div>\n\t\t\t\t<\/div>\n\t\t\t\t<\/div>\n\t\t\t\t<\/div>\n\t\t<div class=\"elementor-element elementor-element-4d0b4cdd e-con-full e-flex e-con e-child\" data-id=\"4d0b4cdd\" data-element_type=\"container\" data-e-type=\"container\" data-settings=\"{&quot;background_background&quot;:&quot;classic&quot;}\">\n\t\t\t\t<div class=\"elementor-element elementor-element-c3e1744 elementor-widget elementor-widget-image\" data-id=\"c3e1744\" data-element_type=\"widget\" data-e-type=\"widget\" data-widget_type=\"image.default\">\n\t\t\t\t<div class=\"elementor-widget-container\">\n\t\t\t\t\t\t\t\t\t\t\t\t\t\t\t<img fetchpriority=\"high\" decoding=\"async\" width=\"512\" height=\"512\" src=\"https:\/\/ao-forestservice.fi\/wp-content\/uploads\/ao-forestservice.png\" class=\"attachment-large size-large wp-image-800\" alt=\"\" srcset=\"https:\/\/ao-forestservice.fi\/wp-content\/uploads\/ao-forestservice.png 512w, https:\/\/ao-forestservice.fi\/wp-content\/uploads\/ao-forestservice-300x300.png 300w, https:\/\/ao-forestservice.fi\/wp-content\/uploads\/ao-forestservice-150x150.png 150w\" sizes=\"(max-width: 512px) 100vw, 512px\" title=\"\">\t\t\t\t\t\t\t\t\t\t\t\t\t\t\t<\/div>\n\t\t\t\t<\/div>\n\t\t\t\t<\/div>\n\t\t\t\t\t<\/div>\n\t\t\t\t<\/div>\n\t\t<div class=\"elementor-element elementor-element-2bd4ab72 e-flex e-con-boxed e-con e-parent\" data-id=\"2bd4ab72\" data-element_type=\"container\" data-e-type=\"container\" id=\"palvelut\" data-settings=\"{&quot;background_background&quot;:&quot;classic&quot;}\">\n\t\t\t\t\t<div class=\"e-con-inner\">\n\t\t<div class=\"elementor-element elementor-element-27cf9c94 e-con-full e-flex e-con e-child\" data-id=\"27cf9c94\" data-element_type=\"container\" data-e-type=\"container\">\n\t\t<div class=\"elementor-element elementor-element-d804cec e-con-full e-flex e-con e-child\" data-id=\"d804cec\" data-element_type=\"container\" data-e-type=\"container\">\n\t\t\t\t<div class=\"elementor-element elementor-element-4ccb35cf elementor-widget elementor-widget-heading\" data-id=\"4ccb35cf\" data-element_type=\"widget\" data-e-type=\"widget\" data-widget_type=\"heading.default\">\n\t\t\t\t<div class=\"elementor-widget-container\">\n\t\t\t\t\t<h3 class=\"elementor-heading-title elementor-size-default\">Skogsv\u00e5rdstj\u00e4nster<\/h3>\t\t\t\t<\/div>\n\t\t\t\t<\/div>\n\t\t\t\t<div class=\"elementor-element elementor-element-99b3c01 elementor-widget elementor-widget-image\" data-id=\"99b3c01\" data-element_type=\"widget\" data-e-type=\"widget\" data-widget_type=\"image.default\">\n\t\t\t\t<div class=\"elementor-widget-container\">\n\t\t\t\t\t\t\t\t\t\t\t\t\t\t\t<img decoding=\"async\" width=\"800\" height=\"422\" src=\"https:\/\/ao-forestservice.fi\/wp-content\/uploads\/metsanhoitopalvelut-1-1024x540.jpg\" class=\"attachment-large size-large wp-image-669\" alt=\"Skogsv\u00e5rdstj\u00e4nster\" srcset=\"https:\/\/ao-forestservice.fi\/wp-content\/uploads\/metsanhoitopalvelut-1-1024x540.jpg 1024w, https:\/\/ao-forestservice.fi\/wp-content\/uploads\/metsanhoitopalvelut-1-300x158.jpg 300w, https:\/\/ao-forestservice.fi\/wp-content\/uploads\/metsanhoitopalvelut-1-768x405.jpg 768w, https:\/\/ao-forestservice.fi\/wp-content\/uploads\/metsanhoitopalvelut-1-1536x810.jpg 1536w, https:\/\/ao-forestservice.fi\/wp-content\/uploads\/metsanhoitopalvelut-1.jpg 2048w\" sizes=\"(max-width: 800px) 100vw, 800px\" title=\"\">\t\t\t\t\t\t\t\t\t\t\t\t\t\t\t<\/div>\n\t\t\t\t<\/div>\n\t\t\t\t<div class=\"elementor-element elementor-element-3759ad3d elementor-widget elementor-widget-text-editor\" data-id=\"3759ad3d\" data-element_type=\"widget\" data-e-type=\"widget\" data-widget_type=\"text-editor.default\">\n\t\t\t\t<div class=\"elementor-widget-container\">\n\t\t\t\t\t\t\t\t\t<p>M\u00e5ngsidigt skogsarbete, jag \u00e4r specialiserad p\u00e5 f\u00e4llning av tomttr\u00e4d enligt nyckeln i handen princip.<\/p>\n\t\t\t\t\t\t\t\t<\/div>\n\t\t\t\t<\/div>\n\t\t\t\t<\/div>\n\t\t<div class=\"elementor-element elementor-element-5c940e15 e-con-full e-flex e-con e-child\" data-id=\"5c940e15\" data-element_type=\"container\" data-e-type=\"container\">\n\t\t\t\t<div class=\"elementor-element elementor-element-23d62644 elementor-align-justify elementor-widget elementor-widget-button\" data-id=\"23d62644\" data-element_type=\"widget\" data-e-type=\"widget\" data-widget_type=\"button.default\">\n\t\t\t\t<div class=\"elementor-widget-container\">\n\t\t\t\t\t\t\t\t\t<div class=\"elementor-button-wrapper\">\n\t\t\t\t\t<a class=\"elementor-button elementor-button-link elementor-size-sm elementor-animation-grow\" href=\"https:\/\/ao-forestservice.fi\/sv\/skogsvardstjanster\/\">\n\t\t\t\t\t\t<span class=\"elementor-button-content-wrapper\">\n\t\t\t\t\t\t\t\t\t<span class=\"elementor-button-text\">L\u00e4s mer<\/span>\n\t\t\t\t\t<\/span>\n\t\t\t\t\t<\/a>\n\t\t\t\t<\/div>\n\t\t\t\t\t\t\t\t<\/div>\n\t\t\t\t<\/div>\n\t\t\t\t<\/div>\n\t\t\t\t<\/div>\n\t\t<div class=\"elementor-element elementor-element-22117f55 e-con-full e-flex e-con e-child\" data-id=\"22117f55\" data-element_type=\"container\" data-e-type=\"container\">\n\t\t<div class=\"elementor-element elementor-element-6327f496 e-con-full e-flex e-con e-child\" data-id=\"6327f496\" data-element_type=\"container\" data-e-type=\"container\">\n\t\t\t\t<div class=\"elementor-element elementor-element-309c58e6 elementor-widget elementor-widget-heading\" data-id=\"309c58e6\" data-element_type=\"widget\" data-e-type=\"widget\" data-widget_type=\"heading.default\">\n\t\t\t\t<div class=\"elementor-widget-container\">\n\t\t\t\t\t<h3 class=\"elementor-heading-title elementor-size-default\">F\u00f6rvaltningstj\u00e4nster<\/h3>\t\t\t\t<\/div>\n\t\t\t\t<\/div>\n\t\t\t\t<div class=\"elementor-element elementor-element-2718ae7 elementor-widget elementor-widget-image\" data-id=\"2718ae7\" data-element_type=\"widget\" data-e-type=\"widget\" data-widget_type=\"image.default\">\n\t\t\t\t<div class=\"elementor-widget-container\">\n\t\t\t\t\t\t\t\t\t\t\t\t\t\t\t<img decoding=\"async\" width=\"800\" height=\"422\" src=\"https:\/\/ao-forestservice.fi\/wp-content\/uploads\/hallintopalvelu-1024x540.jpg\" class=\"attachment-large size-large wp-image-659\" alt=\"F\u00f6rvaltningsservice\" srcset=\"https:\/\/ao-forestservice.fi\/wp-content\/uploads\/hallintopalvelu-1024x540.jpg 1024w, https:\/\/ao-forestservice.fi\/wp-content\/uploads\/hallintopalvelu-300x158.jpg 300w, https:\/\/ao-forestservice.fi\/wp-content\/uploads\/hallintopalvelu-768x405.jpg 768w, https:\/\/ao-forestservice.fi\/wp-content\/uploads\/hallintopalvelu-1536x810.jpg 1536w, https:\/\/ao-forestservice.fi\/wp-content\/uploads\/hallintopalvelu.jpg 2048w\" sizes=\"(max-width: 800px) 100vw, 800px\" title=\"\">\t\t\t\t\t\t\t\t\t\t\t\t\t\t\t<\/div>\n\t\t\t\t<\/div>\n\t\t\t\t<div class=\"elementor-element elementor-element-31945e89 elementor-widget elementor-widget-text-editor\" data-id=\"31945e89\" data-element_type=\"widget\" data-e-type=\"widget\" data-widget_type=\"text-editor.default\">\n\t\t\t\t<div class=\"elementor-widget-container\">\n\t\t\t\t\t\t\t\t\t<p>Expert p\u00e5 skogsbruk: virkeshandel, v\u00e5rd och r\u00e5d. \u00c4ven bouppteckning och skifte, h\u00f6r av dig!<\/p>\n\t\t\t\t\t\t\t\t<\/div>\n\t\t\t\t<\/div>\n\t\t\t\t<\/div>\n\t\t<div class=\"elementor-element elementor-element-4d9a998f e-con-full e-flex e-con e-child\" data-id=\"4d9a998f\" data-element_type=\"container\" data-e-type=\"container\">\n\t\t\t\t<div class=\"elementor-element elementor-element-10129b07 elementor-align-justify elementor-widget elementor-widget-button\" data-id=\"10129b07\" data-element_type=\"widget\" data-e-type=\"widget\" data-widget_type=\"button.default\">\n\t\t\t\t<div class=\"elementor-widget-container\">\n\t\t\t\t\t\t\t\t\t<div class=\"elementor-button-wrapper\">\n\t\t\t\t\t<a class=\"elementor-button elementor-button-link elementor-size-sm elementor-animation-grow\" href=\"https:\/\/ao-forestservice.fi\/sv\/forvaltningsservice\/\">\n\t\t\t\t\t\t<span class=\"elementor-button-content-wrapper\">\n\t\t\t\t\t\t\t\t\t<span class=\"elementor-button-text\">L\u00e4s mer<\/span>\n\t\t\t\t\t<\/span>\n\t\t\t\t\t<\/a>\n\t\t\t\t<\/div>\n\t\t\t\t\t\t\t\t<\/div>\n\t\t\t\t<\/div>\n\t\t\t\t<\/div>\n\t\t\t\t<\/div>\n\t\t<div class=\"elementor-element elementor-element-369e7903 e-con-full e-flex e-con e-child\" data-id=\"369e7903\" data-element_type=\"container\" data-e-type=\"container\">\n\t\t<div class=\"elementor-element elementor-element-62d4510c e-con-full e-flex e-con e-child\" data-id=\"62d4510c\" data-element_type=\"container\" data-e-type=\"container\">\n\t\t\t\t<div class=\"elementor-element elementor-element-43b8a924 elementor-widget elementor-widget-heading\" data-id=\"43b8a924\" data-element_type=\"widget\" data-e-type=\"widget\" data-widget_type=\"heading.default\">\n\t\t\t\t<div class=\"elementor-widget-container\">\n\t\t\t\t\t<h3 class=\"elementor-heading-title elementor-size-default\">Fastighetstj\u00e4nster<\/h3>\t\t\t\t<\/div>\n\t\t\t\t<\/div>\n\t\t\t\t<div class=\"elementor-element elementor-element-b6acdd4 elementor-widget elementor-widget-image\" data-id=\"b6acdd4\" data-element_type=\"widget\" data-e-type=\"widget\" data-widget_type=\"image.default\">\n\t\t\t\t<div class=\"elementor-widget-container\">\n\t\t\t\t\t\t\t\t\t\t\t\t\t\t\t<img loading=\"lazy\" decoding=\"async\" width=\"800\" height=\"422\" src=\"https:\/\/ao-forestservice.fi\/wp-content\/uploads\/muu-kiinteistopalvelu-1024x540.jpg\" class=\"attachment-large size-large wp-image-634\" alt=\"Fastighetstj\u00e4nster\" srcset=\"https:\/\/ao-forestservice.fi\/wp-content\/uploads\/muu-kiinteistopalvelu-1024x540.jpg 1024w, https:\/\/ao-forestservice.fi\/wp-content\/uploads\/muu-kiinteistopalvelu-300x158.jpg 300w, https:\/\/ao-forestservice.fi\/wp-content\/uploads\/muu-kiinteistopalvelu-768x405.jpg 768w, https:\/\/ao-forestservice.fi\/wp-content\/uploads\/muu-kiinteistopalvelu-1536x810.jpg 1536w, https:\/\/ao-forestservice.fi\/wp-content\/uploads\/muu-kiinteistopalvelu.jpg 2048w\" sizes=\"(max-width: 800px) 100vw, 800px\" title=\"\">\t\t\t\t\t\t\t\t\t\t\t\t\t\t\t<\/div>\n\t\t\t\t<\/div>\n\t\t\t\t<div class=\"elementor-element elementor-element-cfab598 elementor-widget elementor-widget-text-editor\" data-id=\"cfab598\" data-element_type=\"widget\" data-e-type=\"widget\" data-widget_type=\"text-editor.default\">\n\t\t\t\t<div class=\"elementor-widget-container\">\n\t\t\t\t\t\t\t\t\t<p>Sk\u00f6ter fritidsfastighet i Egentliga Finland: koll, offerter, service. Kontakta mig nu!<\/p>\n\t\t\t\t\t\t\t\t<\/div>\n\t\t\t\t<\/div>\n\t\t\t\t<\/div>\n\t\t<div class=\"elementor-element elementor-element-1c0c4996 e-con-full e-flex e-con e-child\" data-id=\"1c0c4996\" data-element_type=\"container\" data-e-type=\"container\">\n\t\t\t\t<div class=\"elementor-element elementor-element-665290dc elementor-align-justify elementor-widget elementor-widget-button\" data-id=\"665290dc\" data-element_type=\"widget\" data-e-type=\"widget\" data-widget_type=\"button.default\">\n\t\t\t\t<div class=\"elementor-widget-container\">\n\t\t\t\t\t\t\t\t\t<div class=\"elementor-button-wrapper\">\n\t\t\t\t\t<a class=\"elementor-button elementor-button-link elementor-size-sm elementor-animation-grow\" href=\"https:\/\/ao-forestservice.fi\/sv\/annan-fastighetsservice\/\">\n\t\t\t\t\t\t<span class=\"elementor-button-content-wrapper\">\n\t\t\t\t\t\t\t\t\t<span class=\"elementor-button-text\">L\u00e4s mer<\/span>\n\t\t\t\t\t<\/span>\n\t\t\t\t\t<\/a>\n\t\t\t\t<\/div>\n\t\t\t\t\t\t\t\t<\/div>\n\t\t\t\t<\/div>\n\t\t\t\t<\/div>\n\t\t\t\t<\/div>\n\t\t<div class=\"elementor-element elementor-element-688d4f9 e-con-full e-flex e-con e-child\" data-id=\"688d4f9\" data-element_type=\"container\" data-e-type=\"container\">\n\t\t<div class=\"elementor-element elementor-element-e468234 e-con-full e-flex e-con e-child\" data-id=\"e468234\" data-element_type=\"container\" data-e-type=\"container\">\n\t\t\t\t<div class=\"elementor-element elementor-element-b1631e7 elementor-widget elementor-widget-heading\" data-id=\"b1631e7\" data-element_type=\"widget\" data-e-type=\"widget\" data-widget_type=\"heading.default\">\n\t\t\t\t<div class=\"elementor-widget-container\">\n\t\t\t\t\t<h3 class=\"elementor-heading-title elementor-size-default\">Julgransf\u00f6rs\u00e4ljning<\/h3>\t\t\t\t<\/div>\n\t\t\t\t<\/div>\n\t\t\t\t<div class=\"elementor-element elementor-element-c617a92 elementor-widget elementor-widget-image\" data-id=\"c617a92\" data-element_type=\"widget\" data-e-type=\"widget\" data-widget_type=\"image.default\">\n\t\t\t\t<div class=\"elementor-widget-container\">\n\t\t\t\t\t\t\t\t\t\t\t\t\t\t\t<img loading=\"lazy\" decoding=\"async\" width=\"800\" height=\"422\" src=\"https:\/\/ao-forestservice.fi\/wp-content\/uploads\/joulukuusimyynti-1024x540.jpg\" class=\"attachment-large size-large wp-image-645\" alt=\"Julgransf\u00f6rs\u00e4ljning\" srcset=\"https:\/\/ao-forestservice.fi\/wp-content\/uploads\/joulukuusimyynti-1024x540.jpg 1024w, https:\/\/ao-forestservice.fi\/wp-content\/uploads\/joulukuusimyynti-300x158.jpg 300w, https:\/\/ao-forestservice.fi\/wp-content\/uploads\/joulukuusimyynti-768x405.jpg 768w, https:\/\/ao-forestservice.fi\/wp-content\/uploads\/joulukuusimyynti-1536x810.jpg 1536w, https:\/\/ao-forestservice.fi\/wp-content\/uploads\/joulukuusimyynti.jpg 2048w\" sizes=\"(max-width: 800px) 100vw, 800px\" title=\"\">\t\t\t\t\t\t\t\t\t\t\t\t\t\t\t<\/div>\n\t\t\t\t<\/div>\n\t\t\t\t<div class=\"elementor-element elementor-element-7a4ac61 elementor-widget elementor-widget-text-editor\" data-id=\"7a4ac61\" data-element_type=\"widget\" data-e-type=\"widget\" data-widget_type=\"text-editor.default\">\n\t\t\t\t<div class=\"elementor-widget-container\">\n\t\t\t\t\t\t\t\t\t<p>Julgranar i Pargas, Auran\u00e5dalen, S:t Karins \u2013 f\u00e4ll sj\u00e4lv eller parti. 20 \u00e5rs expertis, best\u00e4ll!<\/p>\n\t\t\t\t\t\t\t\t<\/div>\n\t\t\t\t<\/div>\n\t\t\t\t<\/div>\n\t\t<div class=\"elementor-element elementor-element-edb39ea e-con-full e-flex e-con e-child\" data-id=\"edb39ea\" data-element_type=\"container\" data-e-type=\"container\">\n\t\t\t\t<div class=\"elementor-element elementor-element-bbf89a5 elementor-align-justify elementor-widget elementor-widget-button\" data-id=\"bbf89a5\" data-element_type=\"widget\" data-e-type=\"widget\" data-widget_type=\"button.default\">\n\t\t\t\t<div class=\"elementor-widget-container\">\n\t\t\t\t\t\t\t\t\t<div class=\"elementor-button-wrapper\">\n\t\t\t\t\t<a class=\"elementor-button elementor-button-link elementor-size-sm elementor-animation-grow\" href=\"https:\/\/ao-forestservice.fi\/sv\/julgransforsaljning\/\">\n\t\t\t\t\t\t<span class=\"elementor-button-content-wrapper\">\n\t\t\t\t\t\t\t\t\t<span class=\"elementor-button-text\">L\u00e4s mer<\/span>\n\t\t\t\t\t<\/span>\n\t\t\t\t\t<\/a>\n\t\t\t\t<\/div>\n\t\t\t\t\t\t\t\t<\/div>\n\t\t\t\t<\/div>\n\t\t\t\t<\/div>\n\t\t\t\t<\/div>\n\t\t\t\t\t<\/div>\n\t\t\t\t<\/div>\n\t\t<div class=\"elementor-element elementor-element-0e1d9a7 e-flex e-con-boxed e-con e-parent\" data-id=\"0e1d9a7\" data-element_type=\"container\" data-e-type=\"container\">\n\t\t\t\t\t<div class=\"e-con-inner\">\n\t\t<div class=\"elementor-element elementor-element-3466cc4 e-con-full e-flex e-con e-child\" data-id=\"3466cc4\" data-element_type=\"container\" data-e-type=\"container\">\n\t\t\t\t<div class=\"elementor-element elementor-element-5f7f3fe elementor-widget elementor-widget-heading\" data-id=\"5f7f3fe\" data-element_type=\"widget\" data-e-type=\"widget\" data-widget_type=\"heading.default\">\n\t\t\t\t<div class=\"elementor-widget-container\">\n\t\t\t\t\t<h3 class=\"elementor-heading-title elementor-size-default\">Timmerbyggande enligt \u00f6nskem\u00e5l<\/h3>\t\t\t\t<\/div>\n\t\t\t\t<\/div>\n\t\t\t\t<div class=\"elementor-element elementor-element-58dabcc elementor-widget elementor-widget-text-editor\" data-id=\"58dabcc\" data-element_type=\"widget\" data-e-type=\"widget\" data-widget_type=\"text-editor.default\">\n\t\t\t\t<div class=\"elementor-widget-container\">\n\t\t\t\t\t\t\t\t\t<p dir=\"auto\">AO-Forestservice OY erbjuder skr\u00e4ddarsytt timmerbyggande i Egentliga Finland. Vi bygger bastur, lador och vedskjul av b\u00e5de runda och kluvna stockar.<\/p>\n\t\t\t\t\t\t\t\t<\/div>\n\t\t\t\t<\/div>\n\t\t\t\t<div class=\"elementor-element elementor-element-5af89e5 elementor-widget elementor-widget-heading\" data-id=\"5af89e5\" data-element_type=\"widget\" data-e-type=\"widget\" data-widget_type=\"heading.default\">\n\t\t\t\t<div class=\"elementor-widget-container\">\n\t\t\t\t\t<h4 class=\"elementor-heading-title elementor-size-default\">H\u00f6gkvalitativt hantverk<\/h4>\t\t\t\t<\/div>\n\t\t\t\t<\/div>\n\t\t\t\t<div class=\"elementor-element elementor-element-9994707 elementor-widget elementor-widget-text-editor\" data-id=\"9994707\" data-element_type=\"widget\" data-e-type=\"widget\" data-widget_type=\"text-editor.default\">\n\t\t\t\t<div class=\"elementor-widget-container\">\n\t\t\t\t\t\t\t\t\t<p dir=\"auto\">Vi anv\u00e4nder de b\u00e4sta materialen och traditionella metoder f\u00f6r att skapa h\u00e5llbara och vackra timmerbyggnader f\u00f6r alla behov.<\/p>\n\t\t\t\t\t\t\t\t<\/div>\n\t\t\t\t<\/div>\n\t\t\t\t<div class=\"elementor-element elementor-element-3a53135 elementor-widget elementor-widget-heading\" data-id=\"3a53135\" data-element_type=\"widget\" data-e-type=\"widget\" data-widget_type=\"heading.default\">\n\t\t\t\t<div class=\"elementor-widget-container\">\n\t\t\t\t\t<h5 class=\"elementor-heading-title elementor-size-default\">Individuella l\u00f6sningar<\/h5>\t\t\t\t<\/div>\n\t\t\t\t<\/div>\n\t\t\t\t<div class=\"elementor-element elementor-element-f8bef5f elementor-widget elementor-widget-text-editor\" data-id=\"f8bef5f\" data-element_type=\"widget\" data-e-type=\"widget\" data-widget_type=\"text-editor.default\">\n\t\t\t\t<div class=\"elementor-widget-container\">\n\t\t\t\t\t\t\t\t\t<p dir=\"auto\">Vi planerar och bygger timmerkonstruktioner enligt dina \u00f6nskem\u00e5l, fr\u00e5n sm\u00e5 skjul till st\u00f6rre projekt.<\/p>\n\t\t\t\t\t\t\t\t<\/div>\n\t\t\t\t<\/div>\n\t\t\t\t<\/div>\n\t\t<div class=\"elementor-element elementor-element-c39bf3f e-con-full e-flex e-con e-child\" data-id=\"c39bf3f\" data-element_type=\"container\" data-e-type=\"container\">\n\t\t\t\t<div class=\"elementor-element elementor-element-b5137ee elementor-widget elementor-widget-image\" data-id=\"b5137ee\" data-element_type=\"widget\" data-e-type=\"widget\" data-widget_type=\"image.default\">\n\t\t\t\t<div class=\"elementor-widget-container\">\n\t\t\t\t\t\t\t\t\t\t\t\t\t\t\t<img loading=\"lazy\" decoding=\"async\" width=\"800\" height=\"600\" src=\"https:\/\/ao-forestservice.fi\/wp-content\/uploads\/vedbod-puuvaja-1024x768.jpg\" class=\"attachment-large size-large wp-image-518\" alt=\"\" srcset=\"https:\/\/ao-forestservice.fi\/wp-content\/uploads\/vedbod-puuvaja-1024x768.jpg 1024w, https:\/\/ao-forestservice.fi\/wp-content\/uploads\/vedbod-puuvaja-300x225.jpg 300w, https:\/\/ao-forestservice.fi\/wp-content\/uploads\/vedbod-puuvaja-768x576.jpg 768w, https:\/\/ao-forestservice.fi\/wp-content\/uploads\/vedbod-puuvaja-1536x1152.jpg 1536w, https:\/\/ao-forestservice.fi\/wp-content\/uploads\/vedbod-puuvaja.jpg 1920w\" sizes=\"(max-width: 800px) 100vw, 800px\" title=\"\">\t\t\t\t\t\t\t\t\t\t\t\t\t\t\t<\/div>\n\t\t\t\t<\/div>\n\t\t\t\t<\/div>\n\t\t\t\t\t<\/div>\n\t\t\t\t<\/div>\n\t\t\t\t<\/div>\n\t\t","protected":false},"excerpt":{"rendered":"<p>Skogsv\u00e5rdstj\u00e4nster samt f\u00f6rvaltning, fastighet och julgranar M\u00e5ngsidiga skogsv\u00e5rdstj\u00e4nster, s\u00e5som f\u00e4llning av tomttr\u00e4d enligt nyckelf\u00e4rdig princip, expertst\u00f6d inom skogsbruk, fastighetssk\u00f6tsel och f\u00f6rs\u00e4ljning av julgranar i Pargas, Aura\u00e5dalen och S:t Karins. Ta kontakt \u2013 s\u00e5 f\u00e5r du skr\u00e4ddarsydda l\u00f6sningar efter dina behov! Skogsv\u00e5rdstj\u00e4nster M\u00e5ngsidigt skogsarbete, jag \u00e4r specialiserad p\u00e5 f\u00e4llning av tomttr\u00e4d enligt nyckeln i handen princip. [&hellip;]<\/p>\n","protected":false},"author":1,"featured_media":0,"parent":0,"menu_order":0,"comment_status":"closed","ping_status":"closed","template":"","meta":{"footnotes":""},"class_list":["post-18","page","type-page","status-publish","hentry"],"_links":{"self":[{"href":"https:\/\/ao-forestservice.fi\/sv\/wp-json\/wp\/v2\/pages\/18","targetHints":{"allow":["GET"]}}],"collection":[{"href":"https:\/\/ao-forestservice.fi\/sv\/wp-json\/wp\/v2\/pages"}],"about":[{"href":"https:\/\/ao-forestservice.fi\/sv\/wp-json\/wp\/v2\/types\/page"}],"author":[{"embeddable":true,"href":"https:\/\/ao-forestservice.fi\/sv\/wp-json\/wp\/v2\/users\/1"}],"replies":[{"embeddable":true,"href":"https:\/\/ao-forestservice.fi\/sv\/wp-json\/wp\/v2\/comments?post=18"}],"version-history":[{"count":4,"href":"https:\/\/ao-forestservice.fi\/sv\/wp-json\/wp\/v2\/pages\/18\/revisions"}],"predecessor-version":[{"id":927,"href":"https:\/\/ao-forestservice.fi\/sv\/wp-json\/wp\/v2\/pages\/18\/revisions\/927"}],"wp:attachment":[{"href":"https:\/\/ao-forestservice.fi\/sv\/wp-json\/wp\/v2\/media?parent=18"}],"curies":[{"name":"wp","href":"https:\/\/api.w.org\/{rel}","templated":true}]}}