{"id":231,"date":"2025-01-29T13:03:03","date_gmt":"2025-01-29T11:03:03","guid":{"rendered":"https:\/\/ao-forestservice.fi\/specialhuggningar\/"},"modified":"2025-10-21T21:13:21","modified_gmt":"2025-10-21T18:13:21","slug":"forvaltningsservice","status":"publish","type":"page","link":"https:\/\/ao-forestservice.fi\/sv\/forvaltningsservice\/","title":{"rendered":"F\u00f6rvaltningsservice"},"content":{"rendered":"\t\t<div data-elementor-type=\"wp-page\" data-elementor-id=\"231\" class=\"elementor elementor-231 elementor-215\" data-elementor-post-type=\"page\">\n\t\t\t\t<div class=\"elementor-element elementor-element-383d5d4 e-flex e-con-boxed e-con e-parent\" data-id=\"383d5d4\" data-element_type=\"container\" data-e-type=\"container\" data-settings=\"{&quot;background_background&quot;:&quot;classic&quot;}\">\n\t\t\t\t\t<div class=\"e-con-inner\">\n\t\t\t\t\t<\/div>\n\t\t\t\t<\/div>\n\t\t<div class=\"elementor-element elementor-element-22a47cc2 e-flex e-con-boxed e-con e-parent\" data-id=\"22a47cc2\" data-element_type=\"container\" data-e-type=\"container\">\n\t\t\t\t\t<div class=\"e-con-inner\">\n\t\t\t\t<div class=\"elementor-element elementor-element-d1e0477 elementor-widget elementor-widget-heading\" data-id=\"d1e0477\" data-element_type=\"widget\" data-e-type=\"widget\" data-widget_type=\"heading.default\">\n\t\t\t\t<div class=\"elementor-widget-container\">\n\t\t\t\t\t<h1 class=\"elementor-heading-title elementor-size-default\">F\u00f6rvaltningsservice<\/h1>\t\t\t\t<\/div>\n\t\t\t\t<\/div>\n\t\t\t\t<div class=\"elementor-element elementor-element-6d6f2a14 elementor-widget elementor-widget-text-editor\" data-id=\"6d6f2a14\" data-element_type=\"widget\" data-e-type=\"widget\" data-widget_type=\"text-editor.default\">\n\t\t\t\t<div class=\"elementor-widget-container\">\n\t\t\t\t\t\t\t\t\tBeh\u00f6ver ni r\u00e5d om er skog eller andra f\u00f6rvaltningsfr\u00e5gor? Min specialitet \u00e4r sakkunnig-tj\u00e4nster inom skogsbranschen. Jag sk\u00f6ter om virkesaff\u00e4rer, ser till om olika skogsv\u00e5rds\u00e5tg\u00e4rder beh\u00f6vs eller annat. Jag jobbar inte \u00e5t n\u00e5got visst f\u00f6retag\/f\u00f6rening d\u00e4rf\u00f6r f\u00e5r ni av mej helt opartiska r\u00e5d.<br><br>Kan \u00e4ven sk\u00f6ta om st\u00f6rre helheter inom skogsfr\u00e5gor och se om det finns andra v\u00e4rden inom just er skog. Betalning sker endast f\u00f6r den tid som jag jobbar med just ert uppdrag alternativt enligt \u201dfastighets f\u00f6rmedlingsprincipen\u201d med betalning av en viss % av aff\u00e4ren.<br><br>G\u00f6r \u00e4ven v\u00e4rdering av skog f\u00f6r t.ex. bouppteckning, arv, generationsskifte eller dylikt.<br><br>Ta kontakt f\u00f6r s\u00e5v\u00e4l stora som sm\u00e5 fr\u00e5gor inom skogsf\u00f6rvaltning.\t\t\t\t\t\t\t\t<\/div>\n\t\t\t\t<\/div>\n\t\t\t\t\t<\/div>\n\t\t\t\t<\/div>\n\t\t\t\t<\/div>\n\t\t","protected":false},"excerpt":{"rendered":"<p>F\u00f6rvaltningsservice Beh\u00f6ver ni r\u00e5d om er skog eller andra f\u00f6rvaltningsfr\u00e5gor? Min specialitet \u00e4r sakkunnig-tj\u00e4nster inom skogsbranschen. Jag sk\u00f6ter om virkesaff\u00e4rer, ser till om olika skogsv\u00e5rds\u00e5tg\u00e4rder beh\u00f6vs eller annat. Jag jobbar inte \u00e5t n\u00e5got visst f\u00f6retag\/f\u00f6rening d\u00e4rf\u00f6r f\u00e5r ni av mej helt opartiska r\u00e5d. Kan \u00e4ven sk\u00f6ta om st\u00f6rre helheter inom skogsfr\u00e5gor och se om det [&hellip;]<\/p>\n","protected":false},"author":1,"featured_media":0,"parent":0,"menu_order":20,"comment_status":"closed","ping_status":"closed","template":"","meta":{"footnotes":""},"class_list":["post-231","page","type-page","status-publish","hentry"],"_links":{"self":[{"href":"https:\/\/ao-forestservice.fi\/sv\/wp-json\/wp\/v2\/pages\/231","targetHints":{"allow":["GET"]}}],"collection":[{"href":"https:\/\/ao-forestservice.fi\/sv\/wp-json\/wp\/v2\/pages"}],"about":[{"href":"https:\/\/ao-forestservice.fi\/sv\/wp-json\/wp\/v2\/types\/page"}],"author":[{"embeddable":true,"href":"https:\/\/ao-forestservice.fi\/sv\/wp-json\/wp\/v2\/users\/1"}],"replies":[{"embeddable":true,"href":"https:\/\/ao-forestservice.fi\/sv\/wp-json\/wp\/v2\/comments?post=231"}],"version-history":[{"count":0,"href":"https:\/\/ao-forestservice.fi\/sv\/wp-json\/wp\/v2\/pages\/231\/revisions"}],"wp:attachment":[{"href":"https:\/\/ao-forestservice.fi\/sv\/wp-json\/wp\/v2\/media?parent=231"}],"curies":[{"name":"wp","href":"https:\/\/api.w.org\/{rel}","templated":true}]}}