{"id":232,"date":"2025-01-29T13:03:22","date_gmt":"2025-01-29T11:03:22","guid":{"rendered":"https:\/\/ao-forestservice.fi\/skogsvardstjanster\/"},"modified":"2025-10-21T21:13:48","modified_gmt":"2025-10-21T18:13:48","slug":"skogsvardstjanster","status":"publish","type":"page","link":"https:\/\/ao-forestservice.fi\/sv\/skogsvardstjanster\/","title":{"rendered":"Skogsv\u00e5rdstj\u00e4nster"},"content":{"rendered":"\t\t<div data-elementor-type=\"wp-page\" data-elementor-id=\"232\" class=\"elementor elementor-232 elementor-217\" data-elementor-post-type=\"page\">\n\t\t\t\t<div class=\"elementor-element elementor-element-5dc1f89 e-flex e-con-boxed e-con e-parent\" data-id=\"5dc1f89\" data-element_type=\"container\" data-e-type=\"container\" data-settings=\"{&quot;background_background&quot;:&quot;classic&quot;}\">\n\t\t\t\t\t<div class=\"e-con-inner\">\n\t\t\t\t\t<\/div>\n\t\t\t\t<\/div>\n\t\t<div class=\"elementor-element elementor-element-f9f5631 e-flex e-con-boxed e-con e-parent\" data-id=\"f9f5631\" data-element_type=\"container\" data-e-type=\"container\">\n\t\t\t\t\t<div class=\"e-con-inner\">\n\t\t\t\t<div class=\"elementor-element elementor-element-e321abc elementor-widget elementor-widget-heading\" data-id=\"e321abc\" data-element_type=\"widget\" data-e-type=\"widget\" data-widget_type=\"heading.default\">\n\t\t\t\t<div class=\"elementor-widget-container\">\n\t\t\t\t\t<h1 class=\"elementor-heading-title elementor-size-default\">Skogsv\u00e5rdstj\u00e4nster<\/h1>\t\t\t\t<\/div>\n\t\t\t\t<\/div>\n\t\t\t\t<div class=\"elementor-element elementor-element-c0f2bdc elementor-widget elementor-widget-text-editor\" data-id=\"c0f2bdc\" data-element_type=\"widget\" data-e-type=\"widget\" data-widget_type=\"text-editor.default\">\n\t\t\t\t<div class=\"elementor-widget-container\">\n\t\t\t\t\t\t\t\t\t<p>Som f\u00f6retagare g\u00f6r jag alla former av skogliga tj\u00e4nster. Har dock specialiserat mej p\u00e5 olika sorters tomttr\u00e4df\u00e4llningar enligt nyckeln i handen-principen.<\/p>\n<p><a href=\"mailto:info@ao-forestservice.fi\">Ta kontakt<\/a> s\u00e5 kan vi se vilken l\u00f6sning som passar just er.<\/p>\n\t\t\t\t\t\t\t\t<\/div>\n\t\t\t\t<\/div>\n\t\t\t\t\t<\/div>\n\t\t\t\t<\/div>\n\t\t\t\t<\/div>\n\t\t","protected":false},"excerpt":{"rendered":"<p>Skogsv\u00e5rdstj\u00e4nster Som f\u00f6retagare g\u00f6r jag alla former av skogliga tj\u00e4nster. Har dock specialiserat mej p\u00e5 olika sorters tomttr\u00e4df\u00e4llningar enligt nyckeln i handen-principen. Ta kontakt s\u00e5 kan vi se vilken l\u00f6sning som passar just er.<\/p>\n","protected":false},"author":1,"featured_media":567,"parent":0,"menu_order":10,"comment_status":"closed","ping_status":"closed","template":"","meta":{"footnotes":""},"class_list":["post-232","page","type-page","status-publish","has-post-thumbnail","hentry"],"_links":{"self":[{"href":"https:\/\/ao-forestservice.fi\/sv\/wp-json\/wp\/v2\/pages\/232","targetHints":{"allow":["GET"]}}],"collection":[{"href":"https:\/\/ao-forestservice.fi\/sv\/wp-json\/wp\/v2\/pages"}],"about":[{"href":"https:\/\/ao-forestservice.fi\/sv\/wp-json\/wp\/v2\/types\/page"}],"author":[{"embeddable":true,"href":"https:\/\/ao-forestservice.fi\/sv\/wp-json\/wp\/v2\/users\/1"}],"replies":[{"embeddable":true,"href":"https:\/\/ao-forestservice.fi\/sv\/wp-json\/wp\/v2\/comments?post=232"}],"version-history":[{"count":0,"href":"https:\/\/ao-forestservice.fi\/sv\/wp-json\/wp\/v2\/pages\/232\/revisions"}],"wp:featuredmedia":[{"embeddable":true,"href":"https:\/\/ao-forestservice.fi\/sv\/wp-json\/wp\/v2\/media\/567"}],"wp:attachment":[{"href":"https:\/\/ao-forestservice.fi\/sv\/wp-json\/wp\/v2\/media?parent=232"}],"curies":[{"name":"wp","href":"https:\/\/api.w.org\/{rel}","templated":true}]}}