{"id":292,"date":"2025-01-30T20:45:49","date_gmt":"2025-01-30T18:45:49","guid":{"rendered":"https:\/\/ao-forestservice.fi\/julgranar\/"},"modified":"2025-11-30T10:44:24","modified_gmt":"2025-11-30T08:44:24","slug":"julgransforsaljning","status":"publish","type":"page","link":"https:\/\/ao-forestservice.fi\/sv\/julgransforsaljning\/","title":{"rendered":"Julgransf\u00f6rs\u00e4ljning"},"content":{"rendered":"\t\t<div data-elementor-type=\"wp-page\" data-elementor-id=\"292\" class=\"elementor elementor-292 elementor-290\" data-elementor-post-type=\"page\">\n\t\t\t\t<div class=\"elementor-element elementor-element-b0c5640 e-flex e-con-boxed e-con e-parent\" data-id=\"b0c5640\" data-element_type=\"container\" data-e-type=\"container\" data-settings=\"{&quot;background_background&quot;:&quot;classic&quot;}\">\n\t\t\t\t\t<div class=\"e-con-inner\">\n\t\t\t\t\t<\/div>\n\t\t\t\t<\/div>\n\t\t<div class=\"elementor-element elementor-element-7c533c8e e-flex e-con-boxed e-con e-parent\" data-id=\"7c533c8e\" data-element_type=\"container\" data-e-type=\"container\">\n\t\t\t\t\t<div class=\"e-con-inner\">\n\t\t\t\t<div class=\"elementor-element elementor-element-274b303 elementor-widget elementor-widget-heading\" data-id=\"274b303\" data-element_type=\"widget\" data-e-type=\"widget\" data-widget_type=\"heading.default\">\n\t\t\t\t<div class=\"elementor-widget-container\">\n\t\t\t\t\t<h1 class=\"elementor-heading-title elementor-size-default\">Julgransf\u00f6rs\u00e4ljning i Pargas och S:t Karins<\/h1>\t\t\t\t<\/div>\n\t\t\t\t<\/div>\n\t\t\t\t<div class=\"elementor-element elementor-element-6541469c elementor-widget elementor-widget-text-editor\" data-id=\"6541469c\" data-element_type=\"widget\" data-e-type=\"widget\" data-widget_type=\"text-editor.default\">\n\t\t\t\t<div class=\"elementor-widget-container\">\n\t\t\t\t\t\t\t\t\t<p>AO-Forestservice OY erbjuder julgranar i Parainen med \u00f6ver 20 \u00e5rs erfarenhet. De senaste \u00e5ren har f\u00f6rs\u00e4ljningsst\u00e4llet ut\u00f6kats till Auranlaakso i S:t Karins. V\u00e4lkommen att v\u00e4lja f\u00e4rska granar direkt fr\u00e5n den n\u00e4rliggande skogen!<\/p>\n\t\t\t\t\t\t\t\t<\/div>\n\t\t\t\t<\/div>\n\t\t\t\t<div class=\"elementor-element elementor-element-b85025a elementor-widget elementor-widget-heading\" data-id=\"b85025a\" data-element_type=\"widget\" data-e-type=\"widget\" data-widget_type=\"heading.default\">\n\t\t\t\t<div class=\"elementor-widget-container\">\n\t\t\t\t\t<h2 class=\"elementor-heading-title elementor-size-default\">S\u00e5ga din egen julgran i Auranlaakso<\/h2>\t\t\t\t<\/div>\n\t\t\t\t<\/div>\n\t\t\t\t<div class=\"elementor-element elementor-element-3bfcd23 elementor-widget elementor-widget-text-editor\" data-id=\"3bfcd23\" data-element_type=\"widget\" data-e-type=\"widget\" data-widget_type=\"text-editor.default\">\n\t\t\t\t<div class=\"elementor-widget-container\">\n\t\t\t\t\t\t\t\t\t<p>I Auranlaakso s\u00e4ljs granarna enligt principen \u201dbetala, v\u00e4lj och s\u00e5ga sj\u00e4lv\u201d. V\u00e4lj din gran, s\u00e5ga den p\u00e5 plats och ta med den \u2013 ett roligt s\u00e4tt att skaffa julgran f\u00f6r hela familjen.<\/p>\n\t\t\t\t\t\t\t\t<\/div>\n\t\t\t\t<\/div>\n\t\t\t\t<div class=\"elementor-element elementor-element-9b20cb0 elementor-widget elementor-widget-heading\" data-id=\"9b20cb0\" data-element_type=\"widget\" data-e-type=\"widget\" data-widget_type=\"heading.default\">\n\t\t\t\t<div class=\"elementor-widget-container\">\n\t\t\t\t\t<h3 class=\"elementor-heading-title elementor-size-default\">Grossf\u00f6rs\u00e4ljning till akt\u00f6rer<\/h3>\t\t\t\t<\/div>\n\t\t\t\t<\/div>\n\t\t\t\t<div class=\"elementor-element elementor-element-da9c5c0 elementor-widget elementor-widget-text-editor\" data-id=\"da9c5c0\" data-element_type=\"widget\" data-e-type=\"widget\" data-widget_type=\"text-editor.default\">\n\t\t\t\t<div class=\"elementor-widget-container\">\n\t\t\t\t\t\t\t\t\t<p>Vi s\u00e4ljer julgranar \u00e4ven i gross till st\u00f6rre och mindre akt\u00f6rer. <a href=\"info@ao-forestservice.fi\">Ta kontakt<\/a> f\u00f6r offert!<\/p>\n\t\t\t\t\t\t\t\t<\/div>\n\t\t\t\t<\/div>\n\t\t\t\t\t<\/div>\n\t\t\t\t<\/div>\n\t\t\t\t<\/div>\n\t\t","protected":false},"excerpt":{"rendered":"<p>Julgransf\u00f6rs\u00e4ljning i Pargas och S:t Karins AO-Forestservice OY erbjuder julgranar i Parainen med \u00f6ver 20 \u00e5rs erfarenhet. De senaste \u00e5ren har f\u00f6rs\u00e4ljningsst\u00e4llet ut\u00f6kats till Auranlaakso i S:t Karins. V\u00e4lkommen att v\u00e4lja f\u00e4rska granar direkt fr\u00e5n den n\u00e4rliggande skogen! S\u00e5ga din egen julgran i Auranlaakso I Auranlaakso s\u00e4ljs granarna enligt principen \u201dbetala, v\u00e4lj och s\u00e5ga sj\u00e4lv\u201d. [&hellip;]<\/p>\n","protected":false},"author":1,"featured_media":0,"parent":0,"menu_order":40,"comment_status":"closed","ping_status":"closed","template":"","meta":{"footnotes":""},"class_list":["post-292","page","type-page","status-publish","hentry"],"_links":{"self":[{"href":"https:\/\/ao-forestservice.fi\/sv\/wp-json\/wp\/v2\/pages\/292","targetHints":{"allow":["GET"]}}],"collection":[{"href":"https:\/\/ao-forestservice.fi\/sv\/wp-json\/wp\/v2\/pages"}],"about":[{"href":"https:\/\/ao-forestservice.fi\/sv\/wp-json\/wp\/v2\/types\/page"}],"author":[{"embeddable":true,"href":"https:\/\/ao-forestservice.fi\/sv\/wp-json\/wp\/v2\/users\/1"}],"replies":[{"embeddable":true,"href":"https:\/\/ao-forestservice.fi\/sv\/wp-json\/wp\/v2\/comments?post=292"}],"version-history":[{"count":2,"href":"https:\/\/ao-forestservice.fi\/sv\/wp-json\/wp\/v2\/pages\/292\/revisions"}],"predecessor-version":[{"id":921,"href":"https:\/\/ao-forestservice.fi\/sv\/wp-json\/wp\/v2\/pages\/292\/revisions\/921"}],"wp:attachment":[{"href":"https:\/\/ao-forestservice.fi\/sv\/wp-json\/wp\/v2\/media?parent=292"}],"curies":[{"name":"wp","href":"https:\/\/api.w.org\/{rel}","templated":true}]}}