{"id":332,"date":"2025-02-14T22:43:17","date_gmt":"2025-02-14T20:43:17","guid":{"rendered":"https:\/\/ao-forestservice.fi\/stockbygge\/"},"modified":"2025-10-21T21:16:30","modified_gmt":"2025-10-21T18:16:30","slug":"stockbygge","status":"publish","type":"page","link":"https:\/\/ao-forestservice.fi\/sv\/stockbygge\/","title":{"rendered":"Stockbygge"},"content":{"rendered":"\t\t<div data-elementor-type=\"wp-page\" data-elementor-id=\"332\" class=\"elementor elementor-332 elementor-305\" data-elementor-post-type=\"page\">\n\t\t\t\t<div class=\"elementor-element elementor-element-04cab90 e-flex e-con-boxed e-con e-parent\" data-id=\"04cab90\" data-element_type=\"container\" data-e-type=\"container\">\n\t\t\t\t\t<div class=\"e-con-inner\">\n\t\t\t\t\t<\/div>\n\t\t\t\t<\/div>\n\t\t<div class=\"elementor-element elementor-element-5cee0688 e-flex e-con-boxed e-con e-parent\" data-id=\"5cee0688\" data-element_type=\"container\" data-e-type=\"container\">\n\t\t\t\t\t<div class=\"e-con-inner\">\n\t\t\t\t<div class=\"elementor-element elementor-element-e76d0d1 elementor-widget elementor-widget-heading\" data-id=\"e76d0d1\" data-element_type=\"widget\" data-e-type=\"widget\" data-widget_type=\"heading.default\">\n\t\t\t\t<div class=\"elementor-widget-container\">\n\t\t\t\t\t<h1 class=\"elementor-heading-title elementor-size-default\">Stockbygge<\/h1>\t\t\t\t<\/div>\n\t\t\t\t<\/div>\n\t\t\t\t<div class=\"elementor-element elementor-element-5e150377 elementor-widget elementor-widget-text-editor\" data-id=\"5e150377\" data-element_type=\"widget\" data-e-type=\"widget\" data-widget_type=\"text-editor.default\">\n\t\t\t\t<div class=\"elementor-widget-container\">\n\t\t\t\t\t\t\t\t\tJag bygger olika typer av byggnader, s\u00e5som kist- och bastupar, vedskjul och andra timmerkonstruktioner, b\u00e5de av runda och kluvna stockar. Allt enligt kundens \u00f6nskem\u00e5l.\t\t\t\t\t\t\t\t<\/div>\n\t\t\t\t<\/div>\n\t\t\t\t\t<\/div>\n\t\t\t\t<\/div>\n\t\t<div class=\"elementor-element elementor-element-08aff8e e-flex e-con-boxed e-con e-parent\" data-id=\"08aff8e\" data-element_type=\"container\" data-e-type=\"container\">\n\t\t\t\t\t<div class=\"e-con-inner\">\n\t\t\t\t<div class=\"elementor-element elementor-element-98c386a elementor-widget elementor-widget-gallery\" data-id=\"98c386a\" data-element_type=\"widget\" data-e-type=\"widget\" data-settings=\"{&quot;columns&quot;:2,&quot;lazyload&quot;:&quot;yes&quot;,&quot;gallery_layout&quot;:&quot;grid&quot;,&quot;columns_tablet&quot;:2,&quot;columns_mobile&quot;:1,&quot;gap&quot;:{&quot;unit&quot;:&quot;px&quot;,&quot;size&quot;:10,&quot;sizes&quot;:[]},&quot;gap_tablet&quot;:{&quot;unit&quot;:&quot;px&quot;,&quot;size&quot;:10,&quot;sizes&quot;:[]},&quot;gap_mobile&quot;:{&quot;unit&quot;:&quot;px&quot;,&quot;size&quot;:10,&quot;sizes&quot;:[]},&quot;link_to&quot;:&quot;file&quot;,&quot;aspect_ratio&quot;:&quot;3:2&quot;,&quot;overlay_background&quot;:&quot;yes&quot;,&quot;content_hover_animation&quot;:&quot;fade-in&quot;}\" data-widget_type=\"gallery.default\">\n\t\t\t\t<div class=\"elementor-widget-container\">\n\t\t\t\t\t\t\t<div class=\"elementor-gallery__container\">\n\t\t\t\t\t\t\t<a class=\"e-gallery-item elementor-gallery-item elementor-animated-content\" href=\"https:\/\/ao-forestservice.fi\/wp-content\/uploads\/bryggkista-laituriarkku-rotated.jpg\" data-elementor-open-lightbox=\"yes\" data-elementor-lightbox-slideshow=\"98c386a\" data-elementor-lightbox-title=\"bryggkista-laituriarkku\" data-e-action-hash=\"#elementor-action%3Aaction%3Dlightbox%26settings%3DeyJpZCI6NTEyLCJ1cmwiOiJodHRwczpcL1wvYW8tZm9yZXN0c2VydmljZS5maVwvd3AtY29udGVudFwvdXBsb2Fkc1wvYnJ5Z2draXN0YS1sYWl0dXJpYXJra3Utcm90YXRlZC5qcGciLCJzbGlkZXNob3ciOiI5OGMzODZhIn0%3D\">\n\t\t\t\t\t<div class=\"e-gallery-image elementor-gallery-item__image\" data-thumbnail=\"https:\/\/ao-forestservice.fi\/wp-content\/uploads\/bryggkista-laituriarkku-768x1024.jpg\" data-width=\"768\" data-height=\"1024\" aria-label=\"bryggkista-laituriarkku\" role=\"img\" ><\/div>\n\t\t\t\t\t\t\t\t\t\t\t<div class=\"elementor-gallery-item__overlay\"><\/div>\n\t\t\t\t\t\t\t\t\t\t\t\t\t\t<\/a>\n\t\t\t\t\t\t\t<a class=\"e-gallery-item elementor-gallery-item elementor-animated-content\" href=\"https:\/\/ao-forestservice.fi\/wp-content\/uploads\/timmer-hirsi-rotated.jpg\" data-elementor-open-lightbox=\"yes\" data-elementor-lightbox-slideshow=\"98c386a\" data-elementor-lightbox-title=\"timmer-hirsi\" data-e-action-hash=\"#elementor-action%3Aaction%3Dlightbox%26settings%3DeyJpZCI6NTE2LCJ1cmwiOiJodHRwczpcL1wvYW8tZm9yZXN0c2VydmljZS5maVwvd3AtY29udGVudFwvdXBsb2Fkc1wvdGltbWVyLWhpcnNpLXJvdGF0ZWQuanBnIiwic2xpZGVzaG93IjoiOThjMzg2YSJ9\">\n\t\t\t\t\t<div class=\"e-gallery-image elementor-gallery-item__image\" data-thumbnail=\"https:\/\/ao-forestservice.fi\/wp-content\/uploads\/timmer-hirsi-768x1024.jpg\" data-width=\"768\" data-height=\"1024\" aria-label=\"timmer-hirsi\" role=\"img\" ><\/div>\n\t\t\t\t\t\t\t\t\t\t\t<div class=\"elementor-gallery-item__overlay\"><\/div>\n\t\t\t\t\t\t\t\t\t\t\t\t\t\t<\/a>\n\t\t\t\t\t\t\t<a class=\"e-gallery-item elementor-gallery-item elementor-animated-content\" href=\"https:\/\/ao-forestservice.fi\/wp-content\/uploads\/vedbod-puuvaja.jpg\" data-elementor-open-lightbox=\"yes\" data-elementor-lightbox-slideshow=\"98c386a\" data-elementor-lightbox-title=\"vedbod-puuvaja\" data-e-action-hash=\"#elementor-action%3Aaction%3Dlightbox%26settings%3DeyJpZCI6NTE4LCJ1cmwiOiJodHRwczpcL1wvYW8tZm9yZXN0c2VydmljZS5maVwvd3AtY29udGVudFwvdXBsb2Fkc1wvdmVkYm9kLXB1dXZhamEuanBnIiwic2xpZGVzaG93IjoiOThjMzg2YSJ9\">\n\t\t\t\t\t<div class=\"e-gallery-image elementor-gallery-item__image\" data-thumbnail=\"https:\/\/ao-forestservice.fi\/wp-content\/uploads\/vedbod-puuvaja-1024x768.jpg\" data-width=\"800\" data-height=\"600\" aria-label=\"\" role=\"img\" ><\/div>\n\t\t\t\t\t\t\t\t\t\t\t<div class=\"elementor-gallery-item__overlay\"><\/div>\n\t\t\t\t\t\t\t\t\t\t\t\t\t\t<\/a>\n\t\t\t\t\t\t\t<a class=\"e-gallery-item elementor-gallery-item elementor-animated-content\" href=\"https:\/\/ao-forestservice.fi\/wp-content\/uploads\/vedbodsram-vajarunko.jpg\" data-elementor-open-lightbox=\"yes\" data-elementor-lightbox-slideshow=\"98c386a\" data-elementor-lightbox-title=\"vedbodsram-vajarunko\" data-e-action-hash=\"#elementor-action%3Aaction%3Dlightbox%26settings%3DeyJpZCI6NTIwLCJ1cmwiOiJodHRwczpcL1wvYW8tZm9yZXN0c2VydmljZS5maVwvd3AtY29udGVudFwvdXBsb2Fkc1wvdmVkYm9kc3JhbS12YWphcnVua28uanBnIiwic2xpZGVzaG93IjoiOThjMzg2YSJ9\">\n\t\t\t\t\t<div class=\"e-gallery-image elementor-gallery-item__image\" data-thumbnail=\"https:\/\/ao-forestservice.fi\/wp-content\/uploads\/vedbodsram-vajarunko-1024x768.jpg\" data-width=\"800\" data-height=\"600\" aria-label=\"\" role=\"img\" ><\/div>\n\t\t\t\t\t\t\t\t\t\t\t<div class=\"elementor-gallery-item__overlay\"><\/div>\n\t\t\t\t\t\t\t\t\t\t\t\t\t\t<\/a>\n\t\t\t\t\t<\/div>\n\t\t\t\t\t<\/div>\n\t\t\t\t<\/div>\n\t\t\t\t\t<\/div>\n\t\t\t\t<\/div>\n\t\t\t\t<\/div>\n\t\t","protected":false},"excerpt":{"rendered":"<p>Stockbygge Jag bygger olika typer av byggnader, s\u00e5som kist- och bastupar, vedskjul och andra timmerkonstruktioner, b\u00e5de av runda och kluvna stockar. Allt enligt kundens \u00f6nskem\u00e5l.<\/p>\n","protected":false},"author":1,"featured_media":0,"parent":0,"menu_order":50,"comment_status":"closed","ping_status":"closed","template":"","meta":{"footnotes":""},"class_list":["post-332","page","type-page","status-publish","hentry"],"_links":{"self":[{"href":"https:\/\/ao-forestservice.fi\/sv\/wp-json\/wp\/v2\/pages\/332","targetHints":{"allow":["GET"]}}],"collection":[{"href":"https:\/\/ao-forestservice.fi\/sv\/wp-json\/wp\/v2\/pages"}],"about":[{"href":"https:\/\/ao-forestservice.fi\/sv\/wp-json\/wp\/v2\/types\/page"}],"author":[{"embeddable":true,"href":"https:\/\/ao-forestservice.fi\/sv\/wp-json\/wp\/v2\/users\/1"}],"replies":[{"embeddable":true,"href":"https:\/\/ao-forestservice.fi\/sv\/wp-json\/wp\/v2\/comments?post=332"}],"version-history":[{"count":0,"href":"https:\/\/ao-forestservice.fi\/sv\/wp-json\/wp\/v2\/pages\/332\/revisions"}],"wp:attachment":[{"href":"https:\/\/ao-forestservice.fi\/sv\/wp-json\/wp\/v2\/media?parent=332"}],"curies":[{"name":"wp","href":"https:\/\/api.w.org\/{rel}","templated":true}]}}